{"id":875,"date":"2014-03-01T01:24:10","date_gmt":"2014-02-28T23:24:10","guid":{"rendered":"http:\/\/metallschilder24.com\/?page_id=875"},"modified":"2025-12-05T15:42:49","modified_gmt":"2025-12-05T13:42:49","slug":"wiederverkaeufer-angebot","status":"publish","type":"page","link":"https:\/\/metallschilder24.com\/?page_id=875","title":{"rendered":"Wiederverk\u00e4ufer-Angebot"},"content":{"rendered":"<p><b>Hier noch ein lukratives Angebot zum Geldverdienen f\u00fcr Ladenbetreiber, Tankstellenshop&#8217;s, Einzalh\u00e4ndler und Wiederverk\u00e4ufer<\/b><\/p>\n<p>Thekendisplay best\u00fcckt mit 50 selbstklebenden Briefkastenschilder<\/p>\n<p>Per <a href=\"mailto:info@metallschilder24.com\">E-Mail<\/a> erhalten Sie gerne weitere Informationen hierzu.<\/p>\n\n\n<p><\/p>\n","protected":false},"excerpt":{"rendered":"<p>Hier noch ein lukratives Angebot zum Geldverdienen f\u00fcr Ladenbetreiber, Tankstellenshop&#8217;s, Einzalh\u00e4ndler und Wiederverk\u00e4ufer Thekendisplay best\u00fcckt mit 50 selbstklebenden Briefkastenschilder Per E-Mail erhalten Sie gerne weitere Informationen hierzu.<\/p>\n","protected":false},"author":1,"featured_media":0,"parent":44,"menu_order":4,"comment_status":"open","ping_status":"closed","template":"","meta":{"footnotes":"","_links_to":"","_links_to_target":""},"class_list":["post-875","page","type-page","status-publish","hentry"],"_links":{"self":[{"href":"https:\/\/metallschilder24.com\/index.php?rest_route=\/wp\/v2\/pages\/875","targetHints":{"allow":["GET"]}}],"collection":[{"href":"https:\/\/metallschilder24.com\/index.php?rest_route=\/wp\/v2\/pages"}],"about":[{"href":"https:\/\/metallschilder24.com\/index.php?rest_route=\/wp\/v2\/types\/page"}],"author":[{"embeddable":true,"href":"https:\/\/metallschilder24.com\/index.php?rest_route=\/wp\/v2\/users\/1"}],"replies":[{"embeddable":true,"href":"https:\/\/metallschilder24.com\/index.php?rest_route=%2Fwp%2Fv2%2Fcomments&post=875"}],"version-history":[{"count":1,"href":"https:\/\/metallschilder24.com\/index.php?rest_route=\/wp\/v2\/pages\/875\/revisions"}],"predecessor-version":[{"id":1428,"href":"https:\/\/metallschilder24.com\/index.php?rest_route=\/wp\/v2\/pages\/875\/revisions\/1428"}],"up":[{"embeddable":true,"href":"https:\/\/metallschilder24.com\/index.php?rest_route=\/wp\/v2\/pages\/44"}],"wp:attachment":[{"href":"https:\/\/metallschilder24.com\/index.php?rest_route=%2Fwp%2Fv2%2Fmedia&parent=875"}],"curies":[{"name":"wp","href":"https:\/\/api.w.org\/{rel}","templated":true}]}}