{"id":48,"date":"2013-08-24T20:30:41","date_gmt":"2013-08-24T18:30:41","guid":{"rendered":"http:\/\/metallschilder24.com\/?page_id=48"},"modified":"2025-12-06T15:01:58","modified_gmt":"2025-12-06T13:01:58","slug":"ueber-uns","status":"publish","type":"page","link":"https:\/\/metallschilder24.com\/?page_id=48","title":{"rendered":"\u00dcber uns"},"content":{"rendered":"\n<div class=\"wp-block-columns are-vertically-aligned-center is-layout-flex wp-container-core-columns-is-layout-9d6595d7 wp-block-columns-is-layout-flex\">\n<div class=\"wp-block-column is-vertically-aligned-center is-layout-flow wp-block-column-is-layout-flow\" style=\"flex-basis:100%\">\n<div class=\"wp-block-group\"><div class=\"wp-block-group__inner-container is-layout-flow wp-block-group-is-layout-flow\">\n<div class=\"wp-block-group\"><div class=\"wp-block-group__inner-container is-layout-flow wp-block-group-is-layout-flow\">\n<div>\n<h3>Das Erfolgsgeheimnis &#8211; ein effektives Netzwerk<img loading=\"lazy\" decoding=\"async\" class=\"alignright wp-image-1454\" src=\"https:\/\/metallschilder24.com\/wp-content\/uploads\/2025\/12\/786EE714-C82F-4C31-94DA-018194104376-300x300.png\" alt=\"\" width=\"200\" height=\"200\" srcset=\"https:\/\/metallschilder24.com\/wp-content\/uploads\/2025\/12\/786EE714-C82F-4C31-94DA-018194104376-300x300.png 300w, https:\/\/metallschilder24.com\/wp-content\/uploads\/2025\/12\/786EE714-C82F-4C31-94DA-018194104376-768x768.png 768w, https:\/\/metallschilder24.com\/wp-content\/uploads\/2025\/12\/786EE714-C82F-4C31-94DA-018194104376.png 1024w\" sizes=\"auto, (max-width: 200px) 100vw, 200px\" \/><\/h3>\n<p>Gr\u00fcnder und Firmeninhaber G\u00fcnter Schneider kann mittlerweile auf eine \u00fcber 27- j\u00e4hrige Erfahrung im Bereich Schilderdruck und Schilderherstellung zur\u00fcckblicken.<\/p>\n<p>Im Lauf der Zeit hat sich herausgestellt, dass es wesentlich besser f\u00fcr die Kunden von GSD-Metallschilder ist, wenn wir auf ein gro\u00dfes Partnernetzwerk zur\u00fcckgreifen k\u00f6nnen.<\/p>\n<p>Durch gravierende Ver\u00e4nderungen im Druckwesen in den letzten Jahren sind sehr viele &#8222;Spezialisten&#8220; entstanden und genau hier ensteht ein entscheidender Vorteil gegen\u00fcber einem eigenen gro\u00dfen Maschinenpark.<\/p>\n<p>&#8222;Vernetzung&#8220; ist das entscheidende Stichwort.<\/p>\n<p>Wir erg\u00e4nzen uns durch spezifisches Fachwissen und k\u00f6nnen daher schnell konkrete Antworten auf Kundenanfragen liefern.<\/p>\n<\/div>\n<\/div><\/div>\n<\/div><\/div>\n<\/div>\n<\/div>\n\n\n\n<p><\/p>\n","protected":false},"excerpt":{"rendered":"<p>Das Erfolgsgeheimnis &#8211; ein effektives Netzwerk Gr\u00fcnder und Firmeninhaber G\u00fcnter Schneider kann mittlerweile auf eine \u00fcber 27- j\u00e4hrige Erfahrung im Bereich Schilderdruck und Schilderherstellung zur\u00fcckblicken. Im Lauf der Zeit hat sich herausgestellt, dass es wesentlich besser f\u00fcr die Kunden von GSD-Metallschilder ist, wenn wir auf ein gro\u00dfes Partnernetzwerk zur\u00fcckgreifen k\u00f6nnen. Durch gravierende Ver\u00e4nderungen im Druckwesen [&hellip;]<\/p>\n","protected":false},"author":1,"featured_media":0,"parent":50,"menu_order":2,"comment_status":"open","ping_status":"closed","template":"","meta":{"footnotes":"","_links_to":"","_links_to_target":""},"class_list":["post-48","page","type-page","status-publish","hentry"],"_links":{"self":[{"href":"https:\/\/metallschilder24.com\/index.php?rest_route=\/wp\/v2\/pages\/48","targetHints":{"allow":["GET"]}}],"collection":[{"href":"https:\/\/metallschilder24.com\/index.php?rest_route=\/wp\/v2\/pages"}],"about":[{"href":"https:\/\/metallschilder24.com\/index.php?rest_route=\/wp\/v2\/types\/page"}],"author":[{"embeddable":true,"href":"https:\/\/metallschilder24.com\/index.php?rest_route=\/wp\/v2\/users\/1"}],"replies":[{"embeddable":true,"href":"https:\/\/metallschilder24.com\/index.php?rest_route=%2Fwp%2Fv2%2Fcomments&post=48"}],"version-history":[{"count":9,"href":"https:\/\/metallschilder24.com\/index.php?rest_route=\/wp\/v2\/pages\/48\/revisions"}],"predecessor-version":[{"id":1455,"href":"https:\/\/metallschilder24.com\/index.php?rest_route=\/wp\/v2\/pages\/48\/revisions\/1455"}],"up":[{"embeddable":true,"href":"https:\/\/metallschilder24.com\/index.php?rest_route=\/wp\/v2\/pages\/50"}],"wp:attachment":[{"href":"https:\/\/metallschilder24.com\/index.php?rest_route=%2Fwp%2Fv2%2Fmedia&parent=48"}],"curies":[{"name":"wp","href":"https:\/\/api.w.org\/{rel}","templated":true}]}}