{"id":42,"date":"2013-08-24T20:26:37","date_gmt":"2013-08-24T18:26:37","guid":{"rendered":"http:\/\/metallschilder24.com\/?page_id=42"},"modified":"2014-03-21T14:38:21","modified_gmt":"2014-03-21T12:38:21","slug":"blog","status":"publish","type":"page","link":"https:\/\/metallschilder24.com\/?page_id=42","title":{"rendered":"Kundenmeinungen"},"content":{"rendered":"<div>\n<span style=\"font-size:1.1em; color: #2E2E2E\"><br \/>\nSehr geehrter Herr Schneider,<\/p>\n<p>danke Ihnen, es ist gut geworden, passt und war wieder mal unkompliziert.<br \/>\nHerzlichen Dank daf\u00fcr und wahrscheinlich bis ins n\u00e4chste Jahr wieder.<\/p>\n<p>Mit freundlichen Gr\u00fc\u00dfen<\/p>\n<p>Franz Du\u00dfmann<br \/>\nPflegedienstleiter im Romed Klinikum Rosenheim.<\/p>\n<hr>\n<p>Hallo Herr Schneider,<br \/>\ndie Schilder sind angekommen und zu unserer Zufriedenheit ausgefallen. Danke!<\/p>\n<p>Mit freundlichem Gru\u00df<br \/>\nKatrin Galipp-Bolte <\/p>\n<hr>\n<p><\/span><\/div>\n","protected":false},"excerpt":{"rendered":"<p>Sehr geehrter Herr Schneider, danke Ihnen, es ist gut geworden, passt und war wieder mal unkompliziert. Herzlichen Dank daf\u00fcr und wahrscheinlich bis ins n\u00e4chste Jahr wieder. Mit freundlichen Gr\u00fc\u00dfen Franz Du\u00dfmann Pflegedienstleiter im Romed Klinikum Rosenheim. Hallo Herr Schneider, die Schilder sind angekommen und zu unserer Zufriedenheit ausgefallen. Danke! Mit freundlichem Gru\u00df Katrin Galipp-Bolte<\/p>\n","protected":false},"author":1,"featured_media":0,"parent":50,"menu_order":6,"comment_status":"open","ping_status":"closed","template":"","meta":{"footnotes":"","_links_to":"","_links_to_target":""},"class_list":["post-42","page","type-page","status-publish","hentry"],"_links":{"self":[{"href":"https:\/\/metallschilder24.com\/index.php?rest_route=\/wp\/v2\/pages\/42","targetHints":{"allow":["GET"]}}],"collection":[{"href":"https:\/\/metallschilder24.com\/index.php?rest_route=\/wp\/v2\/pages"}],"about":[{"href":"https:\/\/metallschilder24.com\/index.php?rest_route=\/wp\/v2\/types\/page"}],"author":[{"embeddable":true,"href":"https:\/\/metallschilder24.com\/index.php?rest_route=\/wp\/v2\/users\/1"}],"replies":[{"embeddable":true,"href":"https:\/\/metallschilder24.com\/index.php?rest_route=%2Fwp%2Fv2%2Fcomments&post=42"}],"version-history":[{"count":0,"href":"https:\/\/metallschilder24.com\/index.php?rest_route=\/wp\/v2\/pages\/42\/revisions"}],"up":[{"embeddable":true,"href":"https:\/\/metallschilder24.com\/index.php?rest_route=\/wp\/v2\/pages\/50"}],"wp:attachment":[{"href":"https:\/\/metallschilder24.com\/index.php?rest_route=%2Fwp%2Fv2%2Fmedia&parent=42"}],"curies":[{"name":"wp","href":"https:\/\/api.w.org\/{rel}","templated":true}]}}