{"id":40,"date":"2013-08-24T20:25:39","date_gmt":"2013-08-24T18:25:39","guid":{"rendered":"http:\/\/metallschilder24.com\/?page_id=40"},"modified":"2017-01-31T14:55:11","modified_gmt":"2017-01-31T12:55:11","slug":"befestigungssatz","status":"publish","type":"page","link":"https:\/\/metallschilder24.com\/?page_id=40","title":{"rendered":"Befestigungssatz"},"content":{"rendered":"<h1>Befestigungssatz<\/h1>\n<div><img decoding=\"async\" class=\"rechtsoben\" alt=\"Befestigungssatz\" src=\"https:\/\/metallschilder24.com\/img\/befestigungssatz.jpg\" \/>Als Erg\u00e4nzung bieten wir Ihnen auch einen kompletten Befestigungssatz bestehend aus:<\/p>\n<p>D\u00fcbeln, Schrauben, Abdeckkappen, Abstandhalter in verschiedensten Ausf\u00fchrungen an.<\/p><\/div>\n","protected":false},"excerpt":{"rendered":"<p>Befestigungssatz Als Erg\u00e4nzung bieten wir Ihnen auch einen kompletten Befestigungssatz bestehend aus: D\u00fcbeln, Schrauben, Abdeckkappen, Abstandhalter in verschiedensten Ausf\u00fchrungen an.<\/p>\n","protected":false},"author":1,"featured_media":0,"parent":32,"menu_order":0,"comment_status":"open","ping_status":"open","template":"","meta":{"footnotes":"","_links_to":"","_links_to_target":""},"class_list":["post-40","page","type-page","status-publish","hentry"],"_links":{"self":[{"href":"https:\/\/metallschilder24.com\/index.php?rest_route=\/wp\/v2\/pages\/40","targetHints":{"allow":["GET"]}}],"collection":[{"href":"https:\/\/metallschilder24.com\/index.php?rest_route=\/wp\/v2\/pages"}],"about":[{"href":"https:\/\/metallschilder24.com\/index.php?rest_route=\/wp\/v2\/types\/page"}],"author":[{"embeddable":true,"href":"https:\/\/metallschilder24.com\/index.php?rest_route=\/wp\/v2\/users\/1"}],"replies":[{"embeddable":true,"href":"https:\/\/metallschilder24.com\/index.php?rest_route=%2Fwp%2Fv2%2Fcomments&post=40"}],"version-history":[{"count":0,"href":"https:\/\/metallschilder24.com\/index.php?rest_route=\/wp\/v2\/pages\/40\/revisions"}],"up":[{"embeddable":true,"href":"https:\/\/metallschilder24.com\/index.php?rest_route=\/wp\/v2\/pages\/32"}],"wp:attachment":[{"href":"https:\/\/metallschilder24.com\/index.php?rest_route=%2Fwp%2Fv2%2Fmedia&parent=40"}],"curies":[{"name":"wp","href":"https:\/\/api.w.org\/{rel}","templated":true}]}}