{"id":36,"date":"2013-08-24T20:24:22","date_gmt":"2013-08-24T18:24:22","guid":{"rendered":"http:\/\/metallschilder24.com\/?page_id=36"},"modified":"2017-01-31T14:53:52","modified_gmt":"2017-01-31T12:53:52","slug":"anschrauben","status":"publish","type":"page","link":"https:\/\/metallschilder24.com\/?page_id=36","title":{"rendered":"Anschrauben"},"content":{"rendered":"<h1>Anschrauben<\/h1>\n<div><img decoding=\"async\" class=\"rechtsoben\" alt=\"anschrauben\" src=\"https:\/\/metallschilder24.com\/img\/anschrauben.jpg\" \/>Die Befestigung mit Schrauben kann, je nach Anforderungen und Vorgaben, wahlweise mit oder ohne Abstandshalter durchgef\u00fchrt werden. <\/p>\n<p>Es gibt eine Vielzahl von Schraub-M\u00f6glichkeiten und Ausf\u00fchrungen. Hierzu beraten wir Sie gerne.<\/p><\/div>\n","protected":false},"excerpt":{"rendered":"<p>Anschrauben Die Befestigung mit Schrauben kann, je nach Anforderungen und Vorgaben, wahlweise mit oder ohne Abstandshalter durchgef\u00fchrt werden. Es gibt eine Vielzahl von Schraub-M\u00f6glichkeiten und Ausf\u00fchrungen. Hierzu beraten wir Sie gerne.<\/p>\n","protected":false},"author":1,"featured_media":0,"parent":32,"menu_order":0,"comment_status":"open","ping_status":"open","template":"","meta":{"footnotes":"","_links_to":"","_links_to_target":""},"class_list":["post-36","page","type-page","status-publish","hentry"],"_links":{"self":[{"href":"https:\/\/metallschilder24.com\/index.php?rest_route=\/wp\/v2\/pages\/36","targetHints":{"allow":["GET"]}}],"collection":[{"href":"https:\/\/metallschilder24.com\/index.php?rest_route=\/wp\/v2\/pages"}],"about":[{"href":"https:\/\/metallschilder24.com\/index.php?rest_route=\/wp\/v2\/types\/page"}],"author":[{"embeddable":true,"href":"https:\/\/metallschilder24.com\/index.php?rest_route=\/wp\/v2\/users\/1"}],"replies":[{"embeddable":true,"href":"https:\/\/metallschilder24.com\/index.php?rest_route=%2Fwp%2Fv2%2Fcomments&post=36"}],"version-history":[{"count":0,"href":"https:\/\/metallschilder24.com\/index.php?rest_route=\/wp\/v2\/pages\/36\/revisions"}],"up":[{"embeddable":true,"href":"https:\/\/metallschilder24.com\/index.php?rest_route=\/wp\/v2\/pages\/32"}],"wp:attachment":[{"href":"https:\/\/metallschilder24.com\/index.php?rest_route=%2Fwp%2Fv2%2Fmedia&parent=36"}],"curies":[{"name":"wp","href":"https:\/\/api.w.org\/{rel}","templated":true}]}}