{"id":34,"date":"2013-08-24T20:23:50","date_gmt":"2013-08-24T18:23:50","guid":{"rendered":"http:\/\/metallschilder24.com\/?page_id=34"},"modified":"2017-01-31T14:53:07","modified_gmt":"2017-01-31T12:53:07","slug":"annieten","status":"publish","type":"page","link":"https:\/\/metallschilder24.com\/?page_id=34","title":{"rendered":"Annieten"},"content":{"rendered":"<h1>Annieten<\/h1>\n<div><img decoding=\"async\" class=\"rechtsoben\" alt=\"Blindnieten\" src=\"https:\/\/metallschilder24.com\/img\/blindnieten.jpg\" \/> Das Annieten erfolgt in der Regel mittels Blindnieten. Diese sind eine spezielle Form von Nieten, welche nur den Zugang zu einer Seite der zu verbindenden Bauteile erfordert und mit einer speziellen Blindnietzange befestigt wird. Der Blindniet besteht neben dem eigentlichen, hohlen Nietk\u00f6rper mit Kopf an der Vorderseite aus einem l\u00e4ngeren, durchgesteckten Dorn mit Kopf am hinteren Nietende, der mit einer Sollbruchstelle versehen ist. Umgangssprachlich wird der Blindniet auch als POP-Niet bezeichnet.<\/p>\n<p>Beim Blindnieten erfolgt der F\u00fcgevorgang von nur einer (im Regelfall der \u00e4u\u00dferen) Seite des Bauteils aus. Der Blindniet wird durch die Bohrung eingef\u00fchrt, anschlie\u00dfend wird der am Kopf herausragende Dorn mit einer Blindnietzange herausgezogen. Das f\u00fchrt zu einer Stauchung und somit zu einer Aufweitung des Niets hinter der Bohrung. Am Ende des Vorgangs rei\u00dft der Dorn an der Sollbruchstelle innerhalb des Nietk\u00f6rpers ab und ragt nicht aus dem Niet hervor; der Rest des Dorns befindet sich dann in der Zange und wird weggeworfen. Bei Blindnieten f\u00fcr Spezialanwendungen (Flugzeug u. \u00e4.) wird der im Niet verbleibende Dornrest mit einem beim Verarbeiten eingepresstem Ring gesichert. Dadurch k\u00f6nnen sich keine Teile l\u00f6sen und die h\u00f6here Scherfestigkeit des Dornmaterials kann voll genutzt werden.<\/p><\/div>\n","protected":false},"excerpt":{"rendered":"<p>Annieten Das Annieten erfolgt in der Regel mittels Blindnieten. Diese sind eine spezielle Form von Nieten, welche nur den Zugang zu einer Seite der zu verbindenden Bauteile erfordert und mit einer speziellen Blindnietzange befestigt wird. Der Blindniet besteht neben dem eigentlichen, hohlen Nietk\u00f6rper mit Kopf an der Vorderseite aus einem l\u00e4ngeren, durchgesteckten Dorn mit Kopf [&hellip;]<\/p>\n","protected":false},"author":1,"featured_media":0,"parent":32,"menu_order":0,"comment_status":"open","ping_status":"open","template":"","meta":{"footnotes":"","_links_to":"","_links_to_target":""},"class_list":["post-34","page","type-page","status-publish","hentry"],"_links":{"self":[{"href":"https:\/\/metallschilder24.com\/index.php?rest_route=\/wp\/v2\/pages\/34","targetHints":{"allow":["GET"]}}],"collection":[{"href":"https:\/\/metallschilder24.com\/index.php?rest_route=\/wp\/v2\/pages"}],"about":[{"href":"https:\/\/metallschilder24.com\/index.php?rest_route=\/wp\/v2\/types\/page"}],"author":[{"embeddable":true,"href":"https:\/\/metallschilder24.com\/index.php?rest_route=\/wp\/v2\/users\/1"}],"replies":[{"embeddable":true,"href":"https:\/\/metallschilder24.com\/index.php?rest_route=%2Fwp%2Fv2%2Fcomments&post=34"}],"version-history":[{"count":0,"href":"https:\/\/metallschilder24.com\/index.php?rest_route=\/wp\/v2\/pages\/34\/revisions"}],"up":[{"embeddable":true,"href":"https:\/\/metallschilder24.com\/index.php?rest_route=\/wp\/v2\/pages\/32"}],"wp:attachment":[{"href":"https:\/\/metallschilder24.com\/index.php?rest_route=%2Fwp%2Fv2%2Fmedia&parent=34"}],"curies":[{"name":"wp","href":"https:\/\/api.w.org\/{rel}","templated":true}]}}