{"id":19,"date":"2013-08-24T20:18:28","date_gmt":"2013-08-24T18:18:28","guid":{"rendered":"http:\/\/metallschilder24.com\/?page_id=19"},"modified":"2017-01-31T01:47:37","modified_gmt":"2017-01-30T23:47:37","slug":"firmenschilder","status":"publish","type":"page","link":"https:\/\/metallschilder24.com\/?page_id=19","title":{"rendered":"Firmenschilder"},"content":{"rendered":"<h1>Firmenschilder<\/h1>\n<h4>Das klassische Kanzleischild, Praxisschild, oder Firmenschild finden Sie bei uns in der gew\u00fcnschten Gr\u00f6\u00dfe, im passenden Material und zu guten Preisen, in verschiedenen Fertigungsverfahren und nat\u00fcrlich auch die passenden Befestigungssets dazu.<\/h4>\n<h4><\/h4>\n<div class=\"galleryspalte_breit\">\n\n\t\t<style type=\"text\/css\">\n\t\t\t#gallery-1 {\n\t\t\t\tmargin: auto;\n\t\t\t}\n\t\t\t#gallery-1 .gallery-item {\n\t\t\t\tfloat: left;\n\t\t\t\tmargin-top: 10px;\n\t\t\t\ttext-align: center;\n\t\t\t\twidth: 33%;\n\t\t\t}\n\t\t\t#gallery-1 img {\n\t\t\t\tborder: 2px solid #cfcfcf;\n\t\t\t}\n\t\t\t#gallery-1 .gallery-caption {\n\t\t\t\tmargin-left: 0;\n\t\t\t}\n\t\t\t\/* see gallery_shortcode() in wp-includes\/media.php *\/\n\t\t<\/style>\n\t\t<div id='gallery-1' class='gallery galleryid-19 gallery-columns-3 gallery-size-thumbnail'><dl class='gallery-item'>\n\t\t\t<dt class='gallery-icon landscape'>\n\t\t\t\t<a href='https:\/\/metallschilder24.com\/wp-content\/uploads\/2013\/08\/firmenschild-1.jpg'><img loading=\"lazy\" decoding=\"async\" width=\"150\" height=\"120\" src=\"https:\/\/metallschilder24.com\/wp-content\/uploads\/2013\/08\/firmenschild-1-150x120.jpg\" class=\"attachment-thumbnail size-thumbnail\" alt=\"Metallschild bedruckt\" aria-describedby=\"gallery-1-261\" \/><\/a>\n\t\t\t<\/dt>\n\t\t\t\t<dd class='wp-caption-text gallery-caption' id='gallery-1-261'>\n\t\t\t\tMetallschild bedruckt\n\t\t\t\t<\/dd><\/dl><dl class='gallery-item'>\n\t\t\t<dt class='gallery-icon landscape'>\n\t\t\t\t<a href='https:\/\/metallschilder24.com\/wp-content\/uploads\/2013\/08\/firmenschild-2.jpg'><img loading=\"lazy\" decoding=\"async\" width=\"150\" height=\"120\" src=\"https:\/\/metallschilder24.com\/wp-content\/uploads\/2013\/08\/firmenschild-2-150x120.jpg\" class=\"attachment-thumbnail size-thumbnail\" alt=\"Sublimationsdruck\" aria-describedby=\"gallery-1-262\" \/><\/a>\n\t\t\t<\/dt>\n\t\t\t\t<dd class='wp-caption-text gallery-caption' id='gallery-1-262'>\n\t\t\t\tSublimationsdruck\n\t\t\t\t<\/dd><\/dl><dl class='gallery-item'>\n\t\t\t<dt class='gallery-icon landscape'>\n\t\t\t\t<a href='https:\/\/metallschilder24.com\/wp-content\/uploads\/2013\/08\/firmenschild-3.jpg'><img loading=\"lazy\" decoding=\"async\" width=\"150\" height=\"120\" src=\"https:\/\/metallschilder24.com\/wp-content\/uploads\/2013\/08\/firmenschild-3-150x120.jpg\" class=\"attachment-thumbnail size-thumbnail\" alt=\"Sublimationsdruck auf Alublech\" aria-describedby=\"gallery-1-263\" \/><\/a>\n\t\t\t<\/dt>\n\t\t\t\t<dd class='wp-caption-text gallery-caption' id='gallery-1-263'>\n\t\t\t\tSublimationsdruck auf Alublech\n\t\t\t\t<\/dd><\/dl><br style=\"clear: both\" \/><dl class='gallery-item'>\n\t\t\t<dt class='gallery-icon landscape'>\n\t\t\t\t<a href='https:\/\/metallschilder24.com\/wp-content\/uploads\/2013\/08\/typenschild-7.jpg'><img loading=\"lazy\" decoding=\"async\" width=\"150\" height=\"89\" src=\"https:\/\/metallschilder24.com\/wp-content\/uploads\/2013\/08\/typenschild-7.jpg\" class=\"attachment-thumbnail size-thumbnail\" alt=\"\" aria-describedby=\"gallery-1-166\" \/><\/a>\n\t\t\t<\/dt>\n\t\t\t\t<dd class='wp-caption-text gallery-caption' id='gallery-1-166'>\n\t\t\t\tGraviertes Firmenschild in Messing\n\t\t\t\t<\/dd><\/dl>\n\t\t\t<br style='clear: both' \/>\n\t\t<\/div>\n\n<\/div>\n<div class=\"galleryspalte_schmal\">\n\n\t\t<style type=\"text\/css\">\n\t\t\t#gallery-2 {\n\t\t\t\tmargin: auto;\n\t\t\t}\n\t\t\t#gallery-2 .gallery-item {\n\t\t\t\tfloat: left;\n\t\t\t\tmargin-top: 10px;\n\t\t\t\ttext-align: center;\n\t\t\t\twidth: 50%;\n\t\t\t}\n\t\t\t#gallery-2 img {\n\t\t\t\tborder: 2px solid #cfcfcf;\n\t\t\t}\n\t\t\t#gallery-2 .gallery-caption {\n\t\t\t\tmargin-left: 0;\n\t\t\t}\n\t\t\t\/* see gallery_shortcode() in wp-includes\/media.php *\/\n\t\t<\/style>\n\t\t<div id='gallery-2' class='gallery galleryid-19 gallery-columns-2 gallery-size-thumbnail'><dl class='gallery-item'>\n\t\t\t<dt class='gallery-icon landscape'>\n\t\t\t\t<a href='https:\/\/metallschilder24.com\/wp-content\/uploads\/2013\/08\/firmenschild-1.jpg'><img loading=\"lazy\" decoding=\"async\" width=\"150\" height=\"120\" src=\"https:\/\/metallschilder24.com\/wp-content\/uploads\/2013\/08\/firmenschild-1-150x120.jpg\" class=\"attachment-thumbnail size-thumbnail\" alt=\"Metallschild bedruckt\" aria-describedby=\"gallery-2-261\" \/><\/a>\n\t\t\t<\/dt>\n\t\t\t\t<dd class='wp-caption-text gallery-caption' id='gallery-2-261'>\n\t\t\t\tMetallschild bedruckt\n\t\t\t\t<\/dd><\/dl><dl class='gallery-item'>\n\t\t\t<dt class='gallery-icon landscape'>\n\t\t\t\t<a href='https:\/\/metallschilder24.com\/wp-content\/uploads\/2013\/08\/firmenschild-2.jpg'><img loading=\"lazy\" decoding=\"async\" width=\"150\" height=\"120\" src=\"https:\/\/metallschilder24.com\/wp-content\/uploads\/2013\/08\/firmenschild-2-150x120.jpg\" class=\"attachment-thumbnail size-thumbnail\" alt=\"Sublimationsdruck\" aria-describedby=\"gallery-2-262\" \/><\/a>\n\t\t\t<\/dt>\n\t\t\t\t<dd class='wp-caption-text gallery-caption' id='gallery-2-262'>\n\t\t\t\tSublimationsdruck\n\t\t\t\t<\/dd><\/dl><br style=\"clear: both\" \/><dl class='gallery-item'>\n\t\t\t<dt class='gallery-icon landscape'>\n\t\t\t\t<a href='https:\/\/metallschilder24.com\/wp-content\/uploads\/2013\/08\/firmenschild-3.jpg'><img loading=\"lazy\" decoding=\"async\" width=\"150\" height=\"120\" src=\"https:\/\/metallschilder24.com\/wp-content\/uploads\/2013\/08\/firmenschild-3-150x120.jpg\" class=\"attachment-thumbnail size-thumbnail\" alt=\"Sublimationsdruck auf Alublech\" aria-describedby=\"gallery-2-263\" \/><\/a>\n\t\t\t<\/dt>\n\t\t\t\t<dd class='wp-caption-text gallery-caption' id='gallery-2-263'>\n\t\t\t\tSublimationsdruck auf Alublech\n\t\t\t\t<\/dd><\/dl><dl class='gallery-item'>\n\t\t\t<dt class='gallery-icon landscape'>\n\t\t\t\t<a href='https:\/\/metallschilder24.com\/wp-content\/uploads\/2013\/08\/typenschild-7.jpg'><img loading=\"lazy\" decoding=\"async\" width=\"150\" height=\"89\" src=\"https:\/\/metallschilder24.com\/wp-content\/uploads\/2013\/08\/typenschild-7.jpg\" class=\"attachment-thumbnail size-thumbnail\" alt=\"\" aria-describedby=\"gallery-2-166\" \/><\/a>\n\t\t\t<\/dt>\n\t\t\t\t<dd class='wp-caption-text gallery-caption' id='gallery-2-166'>\n\t\t\t\tGraviertes Firmenschild in Messing\n\t\t\t\t<\/dd><\/dl><br style=\"clear: both\" \/>\n\t\t<\/div>\n\n<\/div>\n<div class=\"galleryspalte_smartphone\">\n\n\t\t<style type=\"text\/css\">\n\t\t\t#gallery-3 {\n\t\t\t\tmargin: auto;\n\t\t\t}\n\t\t\t#gallery-3 .gallery-item {\n\t\t\t\tfloat: left;\n\t\t\t\tmargin-top: 10px;\n\t\t\t\ttext-align: center;\n\t\t\t\twidth: 100%;\n\t\t\t}\n\t\t\t#gallery-3 img {\n\t\t\t\tborder: 2px solid #cfcfcf;\n\t\t\t}\n\t\t\t#gallery-3 .gallery-caption {\n\t\t\t\tmargin-left: 0;\n\t\t\t}\n\t\t\t\/* see gallery_shortcode() in wp-includes\/media.php *\/\n\t\t<\/style>\n\t\t<div id='gallery-3' class='gallery galleryid-19 gallery-columns-1 gallery-size-thumbnail'><dl class='gallery-item'>\n\t\t\t<dt class='gallery-icon landscape'>\n\t\t\t\t<a href='https:\/\/metallschilder24.com\/wp-content\/uploads\/2013\/08\/firmenschild-1.jpg'><img loading=\"lazy\" decoding=\"async\" width=\"150\" height=\"120\" src=\"https:\/\/metallschilder24.com\/wp-content\/uploads\/2013\/08\/firmenschild-1-150x120.jpg\" class=\"attachment-thumbnail size-thumbnail\" alt=\"Metallschild bedruckt\" aria-describedby=\"gallery-3-261\" \/><\/a>\n\t\t\t<\/dt>\n\t\t\t\t<dd class='wp-caption-text gallery-caption' id='gallery-3-261'>\n\t\t\t\tMetallschild bedruckt\n\t\t\t\t<\/dd><\/dl><br style=\"clear: both\" \/><dl class='gallery-item'>\n\t\t\t<dt class='gallery-icon landscape'>\n\t\t\t\t<a href='https:\/\/metallschilder24.com\/wp-content\/uploads\/2013\/08\/firmenschild-2.jpg'><img loading=\"lazy\" decoding=\"async\" width=\"150\" height=\"120\" src=\"https:\/\/metallschilder24.com\/wp-content\/uploads\/2013\/08\/firmenschild-2-150x120.jpg\" class=\"attachment-thumbnail size-thumbnail\" alt=\"Sublimationsdruck\" aria-describedby=\"gallery-3-262\" \/><\/a>\n\t\t\t<\/dt>\n\t\t\t\t<dd class='wp-caption-text gallery-caption' id='gallery-3-262'>\n\t\t\t\tSublimationsdruck\n\t\t\t\t<\/dd><\/dl><br style=\"clear: both\" \/><dl class='gallery-item'>\n\t\t\t<dt class='gallery-icon landscape'>\n\t\t\t\t<a href='https:\/\/metallschilder24.com\/wp-content\/uploads\/2013\/08\/firmenschild-3.jpg'><img loading=\"lazy\" decoding=\"async\" width=\"150\" height=\"120\" src=\"https:\/\/metallschilder24.com\/wp-content\/uploads\/2013\/08\/firmenschild-3-150x120.jpg\" class=\"attachment-thumbnail size-thumbnail\" alt=\"Sublimationsdruck auf Alublech\" aria-describedby=\"gallery-3-263\" \/><\/a>\n\t\t\t<\/dt>\n\t\t\t\t<dd class='wp-caption-text gallery-caption' id='gallery-3-263'>\n\t\t\t\tSublimationsdruck auf Alublech\n\t\t\t\t<\/dd><\/dl><br style=\"clear: both\" \/><dl class='gallery-item'>\n\t\t\t<dt class='gallery-icon landscape'>\n\t\t\t\t<a href='https:\/\/metallschilder24.com\/wp-content\/uploads\/2013\/08\/typenschild-7.jpg'><img loading=\"lazy\" decoding=\"async\" width=\"150\" height=\"89\" src=\"https:\/\/metallschilder24.com\/wp-content\/uploads\/2013\/08\/typenschild-7.jpg\" class=\"attachment-thumbnail size-thumbnail\" alt=\"\" aria-describedby=\"gallery-3-166\" \/><\/a>\n\t\t\t<\/dt>\n\t\t\t\t<dd class='wp-caption-text gallery-caption' id='gallery-3-166'>\n\t\t\t\tGraviertes Firmenschild in Messing\n\t\t\t\t<\/dd><\/dl><br style=\"clear: both\" \/>\n\t\t<\/div>\n\n<\/div>\n","protected":false},"excerpt":{"rendered":"<p>Firmenschilder Das klassische Kanzleischild, Praxisschild, oder Firmenschild finden Sie bei uns in der gew\u00fcnschten Gr\u00f6\u00dfe, im passenden Material und zu guten Preisen, in verschiedenen Fertigungsverfahren und nat\u00fcrlich auch die passenden Befestigungssets dazu.<\/p>\n","protected":false},"author":1,"featured_media":0,"parent":17,"menu_order":0,"comment_status":"open","ping_status":"open","template":"","meta":{"footnotes":"","_links_to":"","_links_to_target":""},"class_list":["post-19","page","type-page","status-publish","hentry"],"_links":{"self":[{"href":"https:\/\/metallschilder24.com\/index.php?rest_route=\/wp\/v2\/pages\/19","targetHints":{"allow":["GET"]}}],"collection":[{"href":"https:\/\/metallschilder24.com\/index.php?rest_route=\/wp\/v2\/pages"}],"about":[{"href":"https:\/\/metallschilder24.com\/index.php?rest_route=\/wp\/v2\/types\/page"}],"author":[{"embeddable":true,"href":"https:\/\/metallschilder24.com\/index.php?rest_route=\/wp\/v2\/users\/1"}],"replies":[{"embeddable":true,"href":"https:\/\/metallschilder24.com\/index.php?rest_route=%2Fwp%2Fv2%2Fcomments&post=19"}],"version-history":[{"count":0,"href":"https:\/\/metallschilder24.com\/index.php?rest_route=\/wp\/v2\/pages\/19\/revisions"}],"up":[{"embeddable":true,"href":"https:\/\/metallschilder24.com\/index.php?rest_route=\/wp\/v2\/pages\/17"}],"wp:attachment":[{"href":"https:\/\/metallschilder24.com\/index.php?rest_route=%2Fwp%2Fv2%2Fmedia&parent=19"}],"curies":[{"name":"wp","href":"https:\/\/api.w.org\/{rel}","templated":true}]}}