{"id":11,"date":"2013-08-24T20:15:21","date_gmt":"2013-08-24T18:15:21","guid":{"rendered":"http:\/\/metallschilder24.com\/?page_id=11"},"modified":"2014-03-14T16:03:21","modified_gmt":"2014-03-14T14:03:21","slug":"typenschild-graviert","status":"publish","type":"page","link":"https:\/\/metallschilder24.com\/?page_id=11","title":{"rendered":"Typenschild graviert"},"content":{"rendered":"<div>\n<span style=\"font-size:1.1em; color: #2E2E2E\"><\/p>\n<h1>Typenschilder graviert<\/h1>\n<p><strong>Gravur<\/strong><br \/>\nBei der klassischen Gravur kommen folgende Materialien zur Anwendung: Edelstahl, Aluminium, Messing, Acrylglas und Schichtstoff-Kunststoffe.<br \/>\nSehr hohe Lebensdauer und exklusive, edle Optik<br \/>\nBei der Fertigung von Schildern oder im Formenbau findet die Maschinengravur Anwendung, bei welcher das Material durch rotierende Fr\u00e4ser (Fr\u00e4sstichel) abgetragen wird.<br \/>\nZur Herstellung dauerhafter Schilder k\u00f6nnen Edelstahl, Aluminium, Messing, Acrylglas, aus verschiedenfarbigen Schichten bestehende Plastwerkstoffe eingesetzt werden, wobei die Gravurtiefe bis in eine andersfarbige Schicht hineinreicht.<br \/>\nMit dem Einsatz computergesteuerter Graviermaschinen k\u00f6nnen diverse Vektordateiformate eingesetzt werden. Die Vektordaten erm\u00f6glichen es eine verlustlose Replikation der Gravurmotive, die mit der manuellen Fertigung nicht m\u00f6glich w\u00e4ren.<\/p>\n<p><strong>Lasergravur<\/strong><br \/>\nmittels computergest\u00fctzten Lasergraviermaschinen<br \/>\nDie modernste Graviertechnik ist die Lasergravur, hierbei wird das Material durch den auftreffenden Laserstrahl so stark erhitzt, dass es sich thermisch kontrasterzeugend ver\u00e4ndert, verdampft oder verbrennt.<\/p>\n<p>Der Laserstrahl wird dabei der Kontur nachgef\u00fchrt oder mit einem Laserscanner zeilenweise \u00fcber das Werkst\u00fcck gef\u00fchrt und f\u00fchrt schnell gesteuert Pulse aus, die an den erforderlichen Stellen einen Abtrag hervorrufen. Durch Steuerung der Pulsfolge oder -energie ist es sogar m\u00f6glich, Halbt\u00f6ne zu erzeugen und auf diese Weise z.B. Fotos auf Metall- oder Glasoberfl\u00e4chen zu \u00fcbertragen.<\/p>\n<p>Ein weiteres Verfahren ist die Maskengravur, bei der eine im Laserstrahl liegende, die Vorlage bildende Maske verkleinert auf dem Werkst\u00fcck abgebildet wird. Diese Maske kann feststehend oder eine sich wie ein Typenrad drehende Folge von Zeichen sein. Der Laserpuls ist dabei so energiereich und kurz, dass er mit einem einzigen Puls die gesamte abgebildete Kontur der Maske abtr\u00e4gt.<\/p>\n\n\t\t<style type=\"text\/css\">\n\t\t\t#gallery-1 {\n\t\t\t\tmargin: auto;\n\t\t\t}\n\t\t\t#gallery-1 .gallery-item {\n\t\t\t\tfloat: left;\n\t\t\t\tmargin-top: 10px;\n\t\t\t\ttext-align: center;\n\t\t\t\twidth: 50%;\n\t\t\t}\n\t\t\t#gallery-1 img {\n\t\t\t\tborder: 2px solid #cfcfcf;\n\t\t\t}\n\t\t\t#gallery-1 .gallery-caption {\n\t\t\t\tmargin-left: 0;\n\t\t\t}\n\t\t\t\/* see gallery_shortcode() in wp-includes\/media.php *\/\n\t\t<\/style>\n\t\t<div id='gallery-1' class='gallery galleryid-11 gallery-columns-2 gallery-size-thumbnail'><dl class='gallery-item'>\n\t\t\t<dt class='gallery-icon landscape'>\n\t\t\t\t<a href='https:\/\/metallschilder24.com\/wp-content\/uploads\/2013\/08\/graviert-2.jpg'><img loading=\"lazy\" decoding=\"async\" width=\"150\" height=\"120\" src=\"https:\/\/metallschilder24.com\/wp-content\/uploads\/2013\/08\/graviert-2-150x120.jpg\" class=\"attachment-thumbnail size-thumbnail\" alt=\"Schild graviert\" aria-describedby=\"gallery-1-296\" \/><\/a>\n\t\t\t<\/dt>\n\t\t\t\t<dd class='wp-caption-text gallery-caption' id='gallery-1-296'>\n\t\t\t\tSchild graviert\n\t\t\t\t<\/dd><\/dl><dl class='gallery-item'>\n\t\t\t<dt class='gallery-icon landscape'>\n\t\t\t\t<a href='https:\/\/metallschilder24.com\/wp-content\/uploads\/2013\/08\/graviert-1.jpg'><img loading=\"lazy\" decoding=\"async\" width=\"150\" height=\"120\" src=\"https:\/\/metallschilder24.com\/wp-content\/uploads\/2013\/08\/graviert-1-150x120.jpg\" class=\"attachment-thumbnail size-thumbnail\" alt=\"Schild graviert\" aria-describedby=\"gallery-1-295\" \/><\/a>\n\t\t\t<\/dt>\n\t\t\t\t<dd class='wp-caption-text gallery-caption' id='gallery-1-295'>\n\t\t\t\tSchild graviert\n\t\t\t\t<\/dd><\/dl><br style=\"clear: both\" \/>\n\t\t<\/div>\n\n<p>Sollten Sie sich nicht ganz sicher sein welches Typenschild bzw. Material das Richtige ist, dann kontaktieren Sie uns doch einfach telefonisch <strong>08031\/ 8091366<\/strong> oder schreiben Sie uns eine  <a href=\"?page_id=44\">E &#8211; Mail<\/a>. F\u00fcr weitere Fragen sind wir stets f\u00fcr Sie da. <\/span><\/div>\n","protected":false},"excerpt":{"rendered":"<p>Typenschilder graviert Gravur Bei der klassischen Gravur kommen folgende Materialien zur Anwendung: Edelstahl, Aluminium, Messing, Acrylglas und Schichtstoff-Kunststoffe. Sehr hohe Lebensdauer und exklusive, edle Optik Bei der Fertigung von Schildern oder im Formenbau findet die Maschinengravur Anwendung, bei welcher das Material durch rotierende Fr\u00e4ser (Fr\u00e4sstichel) abgetragen wird. Zur Herstellung dauerhafter Schilder k\u00f6nnen Edelstahl, Aluminium, Messing, [&hellip;]<\/p>\n","protected":false},"author":1,"featured_media":0,"parent":7,"menu_order":2,"comment_status":"open","ping_status":"closed","template":"","meta":{"footnotes":"","_links_to":"","_links_to_target":""},"class_list":["post-11","page","type-page","status-publish","hentry"],"_links":{"self":[{"href":"https:\/\/metallschilder24.com\/index.php?rest_route=\/wp\/v2\/pages\/11","targetHints":{"allow":["GET"]}}],"collection":[{"href":"https:\/\/metallschilder24.com\/index.php?rest_route=\/wp\/v2\/pages"}],"about":[{"href":"https:\/\/metallschilder24.com\/index.php?rest_route=\/wp\/v2\/types\/page"}],"author":[{"embeddable":true,"href":"https:\/\/metallschilder24.com\/index.php?rest_route=\/wp\/v2\/users\/1"}],"replies":[{"embeddable":true,"href":"https:\/\/metallschilder24.com\/index.php?rest_route=%2Fwp%2Fv2%2Fcomments&post=11"}],"version-history":[{"count":0,"href":"https:\/\/metallschilder24.com\/index.php?rest_route=\/wp\/v2\/pages\/11\/revisions"}],"up":[{"embeddable":true,"href":"https:\/\/metallschilder24.com\/index.php?rest_route=\/wp\/v2\/pages\/7"}],"wp:attachment":[{"href":"https:\/\/metallschilder24.com\/index.php?rest_route=%2Fwp%2Fv2%2Fmedia&parent=11"}],"curies":[{"name":"wp","href":"https:\/\/api.w.org\/{rel}","templated":true}]}}